{"id":143,"date":"2025-01-30T09:06:38","date_gmt":"2025-01-30T08:06:38","guid":{"rendered":"https:\/\/tpl.goute-mon-lien.ovh\/jeux\/?page_id=143"},"modified":"2025-09-13T12:30:17","modified_gmt":"2025-09-13T10:30:17","slug":"mapa-stranek","status":"publish","type":"page","link":"https:\/\/appartbeaute.fr\/cs\/sitemap\/","title":{"rendered":"Mapa str\u00e1nek"},"content":{"rendered":"<div data-elementor-type=\"wp-page\" data-elementor-id=\"143\" class=\"elementor elementor-143\" data-elementor-post-type=\"page\">\n\t\t\t\t<div class=\"elementor-element elementor-element-ff65006 e-flex e-con-boxed e-con e-parent\" data-id=\"ff65006\" data-element_type=\"container\" data-e-type=\"container\">\n\t\t\t\t\t<div class=\"e-con-inner\">\n\t\t\t\t<div class=\"elementor-element elementor-element-45281ae elementor-widget elementor-widget-sitemap\" data-id=\"45281ae\" data-element_type=\"widget\" data-e-type=\"widget\" data-widget_type=\"sitemap.default\">\n\t\t\t\t<div class=\"elementor-widget-container\">\n\t\t\t\t\t<div class=\"elementor-sitemap-wrap\"><div class=\"elementor-sitemap-section\"><h2 class=\"elementor-sitemap-title elementor-sitemap-page-title\">Str\u00e1nky<\/h2><ul class=\"elementor-sitemap-list elementor-sitemap-page-list\"><li class=\"elementor-sitemap-item elementor-sitemap-item-page page_item page-item-1409\"><a href=\"https:\/\/appartbeaute.fr\/cs\/team\/\">T\u00fdm<\/a><\/li><li class=\"elementor-sitemap-item elementor-sitemap-item-page page_item page-item-1389\"><a href=\"https:\/\/appartbeaute.fr\/cs\/legal\/\">Pr\u00e1vn\u00ed<\/a><\/li><li class=\"elementor-sitemap-item elementor-sitemap-item-page page_item page-item-143\"><a href=\"https:\/\/appartbeaute.fr\/cs\/sitemap\/\">Mapa str\u00e1nek<\/a><\/li><li class=\"elementor-sitemap-item elementor-sitemap-item-page page_item page-item-9\"><a href=\"https:\/\/appartbeaute.fr\/cs\/\">Nejlep\u0161\u00ed hazardn\u00ed hry<\/a><\/li><li class=\"elementor-sitemap-item elementor-sitemap-item-page page_item page-item-2\"><a href=\"https:\/\/appartbeaute.fr\/cs\/contact\/\">Kontakt<\/a><\/li><\/ul><\/div><div class=\"elementor-sitemap-section\"><h2 class=\"elementor-sitemap-title elementor-sitemap-jeux-title\">Posledn\u00ed mini hazardn\u00ed hry <\/h2><ul class=\"elementor-sitemap-list elementor-sitemap-jeux-list\"><li class=\"elementor-sitemap-item elementor-sitemap-item-jeux page_item page-item-1823\"><a href=\"https:\/\/appartbeaute.fr\/cs\/chicken-road-race\/\">Ku\u0159ec\u00ed silni\u010dn\u00ed z\u00e1vod<\/a><\/li><li class=\"elementor-sitemap-item elementor-sitemap-item-jeux page_item page-item-1817\"><a href=\"https:\/\/appartbeaute.fr\/cs\/wyns-casino\/\">Wyns Casino<\/a><\/li><li class=\"elementor-sitemap-item elementor-sitemap-item-jeux page_item page-item-1813\"><a href=\"https:\/\/appartbeaute.fr\/cs\/aphrodite-casino\/\">Aphrodite Casino<\/a><\/li><li class=\"elementor-sitemap-item elementor-sitemap-item-jeux page_item page-item-1800\"><a href=\"https:\/\/appartbeaute.fr\/cs\/fish-road\/\">Ryb\u00ed silnice<\/a><\/li><li class=\"elementor-sitemap-item elementor-sitemap-item-jeux page_item page-item-1796\"><a href=\"https:\/\/appartbeaute.fr\/cs\/squid-gamebler\/\">Squid Gamebler<\/a><\/li><li class=\"elementor-sitemap-item elementor-sitemap-item-jeux page_item page-item-1791\"><a href=\"https:\/\/appartbeaute.fr\/cs\/needforslots\/\">Needforslots<\/a><\/li><li class=\"elementor-sitemap-item elementor-sitemap-item-jeux page_item page-item-1763\"><a href=\"https:\/\/appartbeaute.fr\/cs\/aviatrix\/\">Aviatrix<\/a><\/li><li class=\"elementor-sitemap-item elementor-sitemap-item-jeux page_item page-item-1759\"><a href=\"https:\/\/appartbeaute.fr\/cs\/rabbit-road\/\">Kr\u00e1li\u010d\u00ed silnice<\/a><\/li><li class=\"elementor-sitemap-item elementor-sitemap-item-jeux page_item page-item-1755\"><a href=\"https:\/\/appartbeaute.fr\/cs\/ice-fishing-live\/\">Ledn\u00ed ryba\u0159en\u00ed na\u017eivo<\/a><\/li><li class=\"elementor-sitemap-item elementor-sitemap-item-jeux page_item page-item-1751\"><a href=\"https:\/\/appartbeaute.fr\/cs\/tower-rush\/\">V\u011b\u017eov\u00fd sp\u011bch<\/a><\/li><li class=\"elementor-sitemap-item elementor-sitemap-item-jeux page_item page-item-1747\"><a href=\"https:\/\/appartbeaute.fr\/cs\/chicken-road-2\/\">Ku\u0159ec\u00ed silnice 2<\/a><\/li><\/ul><\/div><\/div>\t\t\t\t<\/div>\n\t\t\t\t<\/div>\n\t\t\t\t\t<\/div>\n\t\t\t\t<\/div>\n\t\t\t\t<\/div>","protected":false},"excerpt":{"rendered":"","protected":false},"author":1,"featured_media":0,"parent":0,"menu_order":0,"comment_status":"closed","ping_status":"closed","template":"elementor_header_footer","meta":{"footnotes":""},"class_list":["post-143","page","type-page","status-publish","hentry"],"_links":{"self":[{"href":"https:\/\/appartbeaute.fr\/cs\/wp-json\/wp\/v2\/pages\/143","targetHints":{"allow":["GET"]}}],"collection":[{"href":"https:\/\/appartbeaute.fr\/cs\/wp-json\/wp\/v2\/pages"}],"about":[{"href":"https:\/\/appartbeaute.fr\/cs\/wp-json\/wp\/v2\/types\/page"}],"author":[{"embeddable":true,"href":"https:\/\/appartbeaute.fr\/cs\/wp-json\/wp\/v2\/users\/1"}],"replies":[{"embeddable":true,"href":"https:\/\/appartbeaute.fr\/cs\/wp-json\/wp\/v2\/comments?post=143"}],"version-history":[{"count":10,"href":"https:\/\/appartbeaute.fr\/cs\/wp-json\/wp\/v2\/pages\/143\/revisions"}],"predecessor-version":[{"id":1650,"href":"https:\/\/appartbeaute.fr\/cs\/wp-json\/wp\/v2\/pages\/143\/revisions\/1650"}],"wp:attachment":[{"href":"https:\/\/appartbeaute.fr\/cs\/wp-json\/wp\/v2\/media?parent=143"}],"curies":[{"name":"wp","href":"https:\/\/api.w.org\/{rel}","templated":true}]}}