{"id":143,"date":"2025-01-30T09:06:38","date_gmt":"2025-01-30T08:06:38","guid":{"rendered":"https:\/\/tpl.goute-mon-lien.ovh\/jeux\/?page_id=143"},"modified":"2025-09-13T12:30:17","modified_gmt":"2025-09-13T10:30:17","slug":"terkep","status":"publish","type":"page","link":"https:\/\/appartbeaute.fr\/hu\/sitemap\/","title":{"rendered":"Webhelyt\u00e9rk\u00e9p"},"content":{"rendered":"<div data-elementor-type=\"wp-page\" data-elementor-id=\"143\" class=\"elementor elementor-143\" data-elementor-post-type=\"page\">\n\t\t\t\t<div class=\"elementor-element elementor-element-ff65006 e-flex e-con-boxed e-con e-parent\" data-id=\"ff65006\" data-element_type=\"container\" data-e-type=\"container\">\n\t\t\t\t\t<div class=\"e-con-inner\">\n\t\t\t\t<div class=\"elementor-element elementor-element-45281ae elementor-widget elementor-widget-sitemap\" data-id=\"45281ae\" data-element_type=\"widget\" data-e-type=\"widget\" data-widget_type=\"sitemap.default\">\n\t\t\t\t<div class=\"elementor-widget-container\">\n\t\t\t\t\t<div class=\"elementor-sitemap-wrap\"><div class=\"elementor-sitemap-section\"><h2 class=\"elementor-sitemap-title elementor-sitemap-page-title\">Oldalak<\/h2><ul class=\"elementor-sitemap-list elementor-sitemap-page-list\"><li class=\"elementor-sitemap-item elementor-sitemap-item-page page_item page-item-1409\"><a href=\"https:\/\/appartbeaute.fr\/hu\/team\/\">Csapat<\/a><\/li><li class=\"elementor-sitemap-item elementor-sitemap-item-page page_item page-item-1389\"><a href=\"https:\/\/appartbeaute.fr\/hu\/legal\/\">Jogi<\/a><\/li><li class=\"elementor-sitemap-item elementor-sitemap-item-page page_item page-item-143\"><a href=\"https:\/\/appartbeaute.fr\/hu\/sitemap\/\">Webhelyt\u00e9rk\u00e9p<\/a><\/li><li class=\"elementor-sitemap-item elementor-sitemap-item-page page_item page-item-9\"><a href=\"https:\/\/appartbeaute.fr\/hu\/\">Legjobb szerencsej\u00e1t\u00e9kok<\/a><\/li><li class=\"elementor-sitemap-item elementor-sitemap-item-page page_item page-item-2\"><a href=\"https:\/\/appartbeaute.fr\/hu\/contact\/\">Kapcsolat<\/a><\/li><\/ul><\/div><div class=\"elementor-sitemap-section\"><h2 class=\"elementor-sitemap-title elementor-sitemap-jeux-title\">Legutols\u00f3 mini szerencsej\u00e1t\u00e9kok <\/h2><ul class=\"elementor-sitemap-list elementor-sitemap-jeux-list\"><li class=\"elementor-sitemap-item elementor-sitemap-item-jeux page_item page-item-1823\"><a href=\"https:\/\/appartbeaute.fr\/hu\/chicken-road-race\/\">Csirke \u00datverseny<\/a><\/li><li class=\"elementor-sitemap-item elementor-sitemap-item-jeux page_item page-item-1817\"><a href=\"https:\/\/appartbeaute.fr\/hu\/wyns-casino\/\">Wyns Kaszin\u00f3<\/a><\/li><li class=\"elementor-sitemap-item elementor-sitemap-item-jeux page_item page-item-1813\"><a href=\"https:\/\/appartbeaute.fr\/hu\/aphrodite-casino\/\">Aphrodite Kaszin\u00f3<\/a><\/li><li class=\"elementor-sitemap-item elementor-sitemap-item-jeux page_item page-item-1800\"><a href=\"https:\/\/appartbeaute.fr\/hu\/fish-road\/\">Hal \u00dat<\/a><\/li><li class=\"elementor-sitemap-item elementor-sitemap-item-jeux page_item page-item-1796\"><a href=\"https:\/\/appartbeaute.fr\/hu\/squid-gamebler\/\">Tintahal J\u00e1t\u00e9kos<\/a><\/li><li class=\"elementor-sitemap-item elementor-sitemap-item-jeux page_item page-item-1791\"><a href=\"https:\/\/appartbeaute.fr\/hu\/needforslots\/\">Needforslots<\/a><\/li><li class=\"elementor-sitemap-item elementor-sitemap-item-jeux page_item page-item-1763\"><a href=\"https:\/\/appartbeaute.fr\/hu\/aviatrix\/\">Aviatrix<\/a><\/li><li class=\"elementor-sitemap-item elementor-sitemap-item-jeux page_item page-item-1759\"><a href=\"https:\/\/appartbeaute.fr\/hu\/rabbit-road\/\">Ny\u00fal \u00dat<\/a><\/li><li class=\"elementor-sitemap-item elementor-sitemap-item-jeux page_item page-item-1755\"><a href=\"https:\/\/appartbeaute.fr\/hu\/ice-fishing-live\/\">J\u00e9gszezon \u00e9l\u0151<\/a><\/li><li class=\"elementor-sitemap-item elementor-sitemap-item-jeux page_item page-item-1751\"><a href=\"https:\/\/appartbeaute.fr\/hu\/tower-rush\/\">Torony Roham<\/a><\/li><li class=\"elementor-sitemap-item elementor-sitemap-item-jeux page_item page-item-1747\"><a href=\"https:\/\/appartbeaute.fr\/hu\/chicken-road-2\/\">Csirke \u00fat 2<\/a><\/li><\/ul><\/div><\/div>\t\t\t\t<\/div>\n\t\t\t\t<\/div>\n\t\t\t\t\t<\/div>\n\t\t\t\t<\/div>\n\t\t\t\t<\/div>","protected":false},"excerpt":{"rendered":"","protected":false},"author":1,"featured_media":0,"parent":0,"menu_order":0,"comment_status":"closed","ping_status":"closed","template":"elementor_header_footer","meta":{"footnotes":""},"class_list":["post-143","page","type-page","status-publish","hentry"],"_links":{"self":[{"href":"https:\/\/appartbeaute.fr\/hu\/wp-json\/wp\/v2\/pages\/143","targetHints":{"allow":["GET"]}}],"collection":[{"href":"https:\/\/appartbeaute.fr\/hu\/wp-json\/wp\/v2\/pages"}],"about":[{"href":"https:\/\/appartbeaute.fr\/hu\/wp-json\/wp\/v2\/types\/page"}],"author":[{"embeddable":true,"href":"https:\/\/appartbeaute.fr\/hu\/wp-json\/wp\/v2\/users\/1"}],"replies":[{"embeddable":true,"href":"https:\/\/appartbeaute.fr\/hu\/wp-json\/wp\/v2\/comments?post=143"}],"version-history":[{"count":10,"href":"https:\/\/appartbeaute.fr\/hu\/wp-json\/wp\/v2\/pages\/143\/revisions"}],"predecessor-version":[{"id":1650,"href":"https:\/\/appartbeaute.fr\/hu\/wp-json\/wp\/v2\/pages\/143\/revisions\/1650"}],"wp:attachment":[{"href":"https:\/\/appartbeaute.fr\/hu\/wp-json\/wp\/v2\/media?parent=143"}],"curies":[{"name":"wp","href":"https:\/\/api.w.org\/{rel}","templated":true}]}}